{"id":4814,"date":"2023-01-11T12:49:32","date_gmt":"2023-01-11T12:49:32","guid":{"rendered":"https:\/\/stekerr.com\/?page_id=4814"},"modified":"2024-11-28T14:09:55","modified_gmt":"2024-11-28T14:09:55","slug":"kontakt","status":"publish","type":"page","link":"https:\/\/stekerr.com\/hr\/kontakt\/","title":{"rendered":"Kontakt"},"content":{"rendered":"\t\t<div data-elementor-type=\"wp-page\" data-elementor-id=\"4814\" class=\"elementor elementor-4814\">\n\t\t\t\t\t\t\t\t\t<section class=\"elementor-section elementor-top-section elementor-element elementor-element-0be1f30 elementor-section-stretched elementor-section-boxed elementor-section-height-default elementor-section-height-default\" data-id=\"0be1f30\" data-element_type=\"section\" data-settings=\"{&quot;stretch_section&quot;:&quot;section-stretched&quot;,&quot;background_background&quot;:&quot;classic&quot;}\">\n\t\t\t\t\t\t\t<div class=\"elementor-background-overlay\"><\/div>\n\t\t\t\t\t\t\t<div class=\"elementor-container elementor-column-gap-default\">\n\t\t\t\t\t<div class=\"elementor-column elementor-col-100 elementor-top-column elementor-element elementor-element-23ee258\" data-id=\"23ee258\" data-element_type=\"column\">\n\t\t\t<div class=\"elementor-widget-wrap elementor-element-populated\">\n\t\t\t\t\t\t\t\t<div class=\"elementor-element elementor-element-e170d89 elementor-widget elementor-widget-heading\" data-id=\"e170d89\" data-element_type=\"widget\" data-widget_type=\"heading.default\">\n\t\t\t\t<div class=\"elementor-widget-container\">\n\t\t\t<style>\/*! elementor - v3.13.1 - 09-05-2023 *\/\n.elementor-heading-title{padding:0;margin:0;line-height:1}.elementor-widget-heading .elementor-heading-title[class*=elementor-size-]>a{color:inherit;font-size:inherit;line-height:inherit}.elementor-widget-heading .elementor-heading-title.elementor-size-small{font-size:15px}.elementor-widget-heading .elementor-heading-title.elementor-size-medium{font-size:19px}.elementor-widget-heading .elementor-heading-title.elementor-size-large{font-size:29px}.elementor-widget-heading .elementor-heading-title.elementor-size-xl{font-size:39px}.elementor-widget-heading .elementor-heading-title.elementor-size-xxl{font-size:59px}<\/style><span class=\"elementor-heading-title elementor-size-default\">Kontakt<\/span>\t\t<\/div>\n\t\t\t\t<\/div>\n\t\t\t\t<div class=\"elementor-element elementor-element-a084463 elementor-widget elementor-widget-heading\" data-id=\"a084463\" data-element_type=\"widget\" data-widget_type=\"heading.default\">\n\t\t\t\t<div class=\"elementor-widget-container\">\n\t\t\t<h2 class=\"elementor-heading-title elementor-size-default\">Javite nam se!<\/h2>\t\t<\/div>\n\t\t\t\t<\/div>\n\t\t\t\t<div class=\"elementor-element elementor-element-94b5cc8 elementor-widget elementor-widget-text-editor\" data-id=\"94b5cc8\" data-element_type=\"widget\" data-widget_type=\"text-editor.default\">\n\t\t\t\t<div class=\"elementor-widget-container\">\n\t\t\t<style>\/*! elementor - v3.13.1 - 09-05-2023 *\/\n.elementor-widget-text-editor.elementor-drop-cap-view-stacked .elementor-drop-cap{background-color:#69727d;color:#fff}.elementor-widget-text-editor.elementor-drop-cap-view-framed .elementor-drop-cap{color:#69727d;border:3px solid;background-color:transparent}.elementor-widget-text-editor:not(.elementor-drop-cap-view-default) .elementor-drop-cap{margin-top:8px}.elementor-widget-text-editor:not(.elementor-drop-cap-view-default) .elementor-drop-cap-letter{width:1em;height:1em}.elementor-widget-text-editor .elementor-drop-cap{float:left;text-align:center;line-height:1;font-size:50px}.elementor-widget-text-editor .elementor-drop-cap-letter{display:inline-block}<\/style>\t\t\t\t<p>Na\u0161 tim rado \u0107e odgovoriti na svaki va\u0161 upit.<\/p>\t\t\t\t\t\t<\/div>\n\t\t\t\t<\/div>\n\t\t\t\t\t<\/div>\n\t\t<\/div>\n\t\t\t\t\t\t\t<\/div>\n\t\t<\/section>\n\t\t\t\t<section class=\"elementor-section elementor-top-section elementor-element elementor-element-873c672 elementor-section-full_width elementor-section-content-top elementor-section-stretched elementor-section-height-default elementor-section-height-default\" data-id=\"873c672\" data-element_type=\"section\" data-settings=\"{&quot;stretch_section&quot;:&quot;section-stretched&quot;}\">\n\t\t\t\t\t\t<div class=\"elementor-container elementor-column-gap-default\">\n\t\t\t\t\t<div class=\"elementor-column elementor-col-100 elementor-top-column elementor-element elementor-element-21b6236\" data-id=\"21b6236\" data-element_type=\"column\">\n\t\t\t<div class=\"elementor-widget-wrap elementor-element-populated\">\n\t\t\t\t\t\t\t\t<div class=\"elementor-element elementor-element-0e5149d elementor-widget elementor-widget-image\" data-id=\"0e5149d\" data-element_type=\"widget\" data-widget_type=\"image.default\">\n\t\t\t\t<div class=\"elementor-widget-container\">\n\t\t\t<style>\/*! elementor - v3.13.1 - 09-05-2023 *\/\n.elementor-widget-image{text-align:center}.elementor-widget-image a{display:inline-block}.elementor-widget-image a img[src$=\".svg\"]{width:48px}.elementor-widget-image img{vertical-align:middle;display:inline-block}<\/style>\t\t\t\t\t\t\t\t\t\t\t\t<img loading=\"lazy\" decoding=\"async\" width=\"1024\" height=\"89\" src=\"https:\/\/stekerr.com\/wp-content\/uploads\/2022\/12\/shape-1024x89.webp\" class=\"attachment-large size-large wp-image-711\" alt=\"\" srcset=\"https:\/\/stekerr.com\/wp-content\/uploads\/2022\/12\/shape-1024x89.webp 1024w, https:\/\/stekerr.com\/wp-content\/uploads\/2022\/12\/shape-300x26.webp 300w, https:\/\/stekerr.com\/wp-content\/uploads\/2022\/12\/shape-768x67.webp 768w, https:\/\/stekerr.com\/wp-content\/uploads\/2022\/12\/shape-1536x133.webp 1536w, https:\/\/stekerr.com\/wp-content\/uploads\/2022\/12\/shape-2048x178.webp 2048w\" sizes=\"auto, (max-width: 1024px) 100vw, 1024px\" \/>\t\t\t\t\t\t\t\t\t\t\t\t\t\t\t<\/div>\n\t\t\t\t<\/div>\n\t\t\t\t\t<\/div>\n\t\t<\/div>\n\t\t\t\t\t\t\t<\/div>\n\t\t<\/section>\n\t\t\t\t<section class=\"elementor-section elementor-top-section elementor-element elementor-element-a418502 elementor-reverse-mobile elementor-section-boxed elementor-section-height-default elementor-section-height-default\" data-id=\"a418502\" data-element_type=\"section\">\n\t\t\t\t\t\t<div class=\"elementor-container elementor-column-gap-default\">\n\t\t\t\t\t<div class=\"elementor-column elementor-col-50 elementor-top-column elementor-element elementor-element-a1dfd62\" data-id=\"a1dfd62\" data-element_type=\"column\">\n\t\t\t<div class=\"elementor-widget-wrap elementor-element-populated\">\n\t\t\t\t\t\t\t\t<div class=\"elementor-element elementor-element-c5e4f34 elementor-widget elementor-widget-text-editor\" data-id=\"c5e4f34\" data-element_type=\"widget\" data-widget_type=\"text-editor.default\">\n\t\t\t\t<div class=\"elementor-widget-container\">\n\t\t\t\t\t\t\t<p>Adriateh d.o.o.<\/p>\t\t\t\t\t\t<\/div>\n\t\t\t\t<\/div>\n\t\t\t\t<div class=\"elementor-element elementor-element-dba1c95 elementor-widget elementor-widget-text-editor\" data-id=\"dba1c95\" data-element_type=\"widget\" data-widget_type=\"text-editor.default\">\n\t\t\t\t<div class=\"elementor-widget-container\">\n\t\t\t\t\t\t\t<p>Adriateh d.o.o<br \/>Zagreba\u010dka ul. 2<br \/>10431 Sveta Nedelja \u2013 Novaki<\/p><p>info@stekerr.hr<br \/>+ 385 1 333 5 120<\/p>\t\t\t\t\t\t<\/div>\n\t\t\t\t<\/div>\n\t\t\t\t<div class=\"elementor-element elementor-element-5a729cc elementor-widget elementor-widget-text-editor\" data-id=\"5a729cc\" data-element_type=\"widget\" data-widget_type=\"text-editor.default\">\n\t\t\t\t<div class=\"elementor-widget-container\">\n\t\t\t\t\t\t\t<p>Podaci o tvrtki<\/p>\t\t\t\t\t\t<\/div>\n\t\t\t\t<\/div>\n\t\t\t\t\t<\/div>\n\t\t<\/div>\n\t\t\t\t<div class=\"elementor-column elementor-col-50 elementor-top-column elementor-element elementor-element-d53a16d\" data-id=\"d53a16d\" data-element_type=\"column\">\n\t\t\t<div class=\"elementor-widget-wrap elementor-element-populated\">\n\t\t\t\t\t\t\t\t<div class=\"elementor-element elementor-element-4f91480 elementor-widget elementor-widget-shortcode\" data-id=\"4f91480\" data-element_type=\"widget\" data-widget_type=\"shortcode.default\">\n\t\t\t\t<div class=\"elementor-widget-container\">\n\t\t\t\t\t<div class=\"elementor-shortcode\"><div id=\"quform-8a8db2\" class=\"quform quform-1 quform-theme-underlined quform-support-page-caching\"><form id=\"quform-form-8a8db2\" class=\"quform-form quform-form-1\" action=\"\/hr\/wp-json\/wp\/v2\/pages\/4814#quform-8a8db2\" method=\"post\" enctype=\"multipart\/form-data\" novalidate=\"novalidate\" data-options=\"{&quot;id&quot;:1,&quot;uniqueId&quot;:&quot;8a8db2&quot;,&quot;theme&quot;:&quot;underlined&quot;,&quot;ajax&quot;:true,&quot;logic&quot;:{&quot;logic&quot;:[],&quot;dependents&quot;:[],&quot;elementIds&quot;:[],&quot;dependentElementIds&quot;:[],&quot;animate&quot;:true},&quot;currentPageId&quot;:1,&quot;errorsIcon&quot;:&quot;&quot;,&quot;updateFancybox&quot;:true,&quot;hasPages&quot;:false,&quot;pages&quot;:[1],&quot;pageProgressType&quot;:&quot;numbers&quot;,&quot;tooltipsEnabled&quot;:true,&quot;tooltipClasses&quot;:&quot;qtip-quform-dark qtip-shadow&quot;,&quot;tooltipMy&quot;:&quot;left center&quot;,&quot;tooltipAt&quot;:&quot;right center&quot;,&quot;isRtl&quot;:false,&quot;scrollOffset&quot;:-50,&quot;scrollSpeed&quot;:800}\"><button class=\"quform-default-submit\" name=\"quform_submit\" type=\"submit\" value=\"submit\" aria-hidden=\"true\" tabindex=\"-1\"><\/button><div class=\"quform-form-inner quform-form-inner-1\"><input type=\"hidden\" name=\"quform_form_id\" value=\"1\" \/><input type=\"hidden\" name=\"quform_form_uid\" value=\"8a8db2\" \/><input type=\"hidden\" name=\"quform_count\" value=\"1\" \/><input type=\"hidden\" name=\"form_url\" value=\"https:\/\/stekerr.com\/hr\/wp-json\/wp\/v2\/pages\/4814\" \/><input type=\"hidden\" name=\"referring_url\" value=\"\" \/><input type=\"hidden\" name=\"post_id\" value=\"\" \/><input type=\"hidden\" name=\"post_title\" value=\"\" \/><input type=\"hidden\" name=\"quform_current_page_id\" value=\"1\" \/><input type=\"hidden\" name=\"quform_csrf_token\" value=\"W7vylgWneOQzfnMqnaa6RhH2BoN5373vE8BGlNtp\" \/><div class=\"quform-elements quform-elements-1 quform-cf quform-responsive-elements-phone-landscape\"><div class=\"quform-element quform-element-page quform-page-1 quform-page-1_1 quform-cf quform-group-style-plain quform-first-page quform-last-page quform-current-page\"><div class=\"quform-child-elements\"><div class=\"quform-element quform-element-row quform-element-row-1_10 quform-2-columns quform-element-row-size-fixed quform-responsive-columns-phone-landscape\"><div class=\"quform-element quform-element-column quform-element-1_11\"><div class=\"quform-element quform-element-text quform-element-1_3 quform-cf quform-element-optional\"><div class=\"quform-spacer\"><div class=\"quform-label quform-label-1_3\"><label class=\"quform-label-text\" for=\"quform_1_3_8a8db2\">Va\u0161e ime<\/label><\/div><div class=\"quform-inner quform-inner-text quform-inner-1_3\"><div class=\"quform-input quform-input-text quform-input-1_3 quform-cf\"><input type=\"text\" id=\"quform_1_3_8a8db2\" name=\"quform_1_3\" class=\"quform-field quform-field-text quform-field-1_3\" \/><\/div><\/div><\/div><\/div><\/div><div class=\"quform-element quform-element-column quform-element-1_12\"><div class=\"quform-element quform-element-text quform-element-1_13 quform-cf quform-element-optional\"><div class=\"quform-spacer\"><div class=\"quform-label quform-label-1_13\"><label class=\"quform-label-text\" for=\"quform_1_13_8a8db2\">Va\u0161e prezime<\/label><\/div><div class=\"quform-inner quform-inner-text quform-inner-1_13\"><div class=\"quform-input quform-input-text quform-input-1_13 quform-cf\"><input type=\"text\" id=\"quform_1_13_8a8db2\" name=\"quform_1_13\" class=\"quform-field quform-field-text quform-field-1_13\" \/><\/div><\/div><\/div><\/div><\/div><\/div><div class=\"quform-element quform-element-row quform-element-row-1_6 quform-2-columns quform-element-row-size-fixed quform-responsive-columns-phone-landscape\"><div class=\"quform-element quform-element-column quform-element-1_7\"><div class=\"quform-element quform-element-text quform-element-1_4 quform-cf quform-element-optional\"><div class=\"quform-spacer\"><div class=\"quform-label quform-label-1_4\"><label class=\"quform-label-text\" for=\"quform_1_4_8a8db2\">Va\u0161 email<\/label><\/div><div class=\"quform-inner quform-inner-text quform-inner-1_4\"><div class=\"quform-input quform-input-text quform-input-1_4 quform-cf\"><input type=\"text\" id=\"quform_1_4_8a8db2\" name=\"quform_1_4\" class=\"quform-field quform-field-text quform-field-1_4\" \/><\/div><\/div><\/div><\/div><\/div><div class=\"quform-element quform-element-column quform-element-1_8\"><div class=\"quform-element quform-element-text quform-element-1_9 quform-cf quform-element-optional\"><div class=\"quform-spacer\"><div class=\"quform-label quform-label-1_9\"><label class=\"quform-label-text\" for=\"quform_1_9_8a8db2\">Va\u0161 broj<\/label><\/div><div class=\"quform-inner quform-inner-text quform-inner-1_9\"><div class=\"quform-input quform-input-text quform-input-1_9 quform-cf\"><input type=\"text\" id=\"quform_1_9_8a8db2\" name=\"quform_1_9\" class=\"quform-field quform-field-text quform-field-1_9\" \/><\/div><\/div><\/div><\/div><\/div><\/div><div class=\"quform-element quform-element-textarea quform-element-1_5 quform-cf quform-element-optional\"><div class=\"quform-spacer\"><div class=\"quform-label quform-label-1_5\"><label class=\"quform-label-text\" for=\"quform_1_5_8a8db2\">Va\u0161a poruka<\/label><\/div><div class=\"quform-inner quform-inner-textarea quform-inner-1_5\"><div class=\"quform-input quform-input-textarea quform-input-1_5 quform-cf\"><textarea id=\"quform_1_5_8a8db2\" name=\"quform_1_5\" class=\"quform-field quform-field-textarea quform-field-1_5\"><\/textarea><\/div><\/div><\/div><\/div><div class=\"quform-element quform-element-checkbox quform-element-1_14 quform-cf quform-element-optional\"><div class=\"quform-spacer\"><div class=\"quform-inner quform-inner-checkbox quform-inner-1_14\"><div class=\"quform-input quform-input-checkbox quform-input-1_14 quform-cf\"><div class=\"quform-options quform-cf quform-options-block quform-options-simple\"><div class=\"quform-option\"><input type=\"checkbox\" name=\"quform_1_14[]\" id=\"quform_1_14_8a8db2_1\" class=\"quform-field quform-field-checkbox quform-field-1_14 quform-field-1_14_1\" value=\"Slanjem ove poruke prihva\u0107am Uvjete kori\u0161tenja web stranice i Politiku privatnosti\" \/><label for=\"quform_1_14_8a8db2_1\" class=\"quform-option-label quform-option-label-1_14_1\"><span class=\"quform-option-text\">Slanjem ove poruke prihva\u0107am Uvjete kori\u0161tenja web stranice i Politiku privatnosti<\/span><\/label><\/div><\/div><\/div><\/div><\/div><\/div><div class=\"quform-element quform-element-submit quform-element-1_2 quform-cf quform-button-style-bootstrap\"><div class=\"quform-button-submit quform-button-submit-default quform-button-submit-1_2\"><button name=\"quform_submit\" type=\"submit\" class=\"quform-submit\" value=\"submit\"><span class=\"quform-button-text quform-button-submit-text\">Send<\/span><\/button><\/div><div class=\"quform-loading quform-loading-position-left quform-loading-type-spinner-1\"><div class=\"quform-loading-inner\"><div class=\"quform-loading-spinner\"><div class=\"quform-loading-spinner-inner\"><\/div><\/div><\/div><\/div><\/div><div class=\"quform-element-tree\"><label for=\"quform_1_0_8a8db2\">This field should be left blank<\/label><input type=\"text\" id=\"quform_1_0_8a8db2\" name=\"quform_1_0\" class=\"quform-field quform-field-tree quform-field-1_0\" tabindex=\"-1\" autocomplete=\"off\" \/><\/div><\/div><\/div><\/div><\/div><\/form><\/div><\/div>\n\t\t\t\t<\/div>\n\t\t\t\t<\/div>\n\t\t\t\t<div class=\"elementor-element elementor-element-3fcd74a elementor-widget elementor-widget-text-editor\" data-id=\"3fcd74a\" data-element_type=\"widget\" data-widget_type=\"text-editor.default\">\n\t\t\t\t<div class=\"elementor-widget-container\">\n\t\t\t\t\t\t\t<div class=\"et_pb_column et_pb_column_1_3 et_pb_column_6_tb_footer et_pb_css_mix_blend_mode_passthrough\"><div class=\"et_pb_module et_pb_text et_pb_text_12_tb_footer et_pb_text_align_left et_pb_bg_layout_light\"><div class=\"et_pb_text_inner\">ADRIATEH dru\u0161tvo s ograni\u010denom odgovorno\u0161\u0107u za zastupanje, trgovinu i usluge upisan u Trgova\u010dkom sudu u Zagrebu: Tt-15\/24008-4<br \/>MBS: 080136018<br \/>Temeljni kapital: \u20ac423.250,00 upla\u0107en u cijelosti.<br \/>Predsjednik uprave: Goran Rebi\u0107,<br \/>\u010clanovi uprave: Z.\u0160vraka, M. Krivi\u010di\u0107<br \/>PRIVREDNA BANKA ZAGREB d.d.:<br \/>HR4523400091110072075<br \/>ERSTE &amp; STEIERM\u00c4RKISCHE BANK d.d.: HR3924020061100060030<br \/>SWIFT: ESBCHR22 | Account no.: 1100060030<\/div><\/div><\/div>\t\t\t\t\t\t<\/div>\n\t\t\t\t<\/div>\n\t\t\t\t\t<\/div>\n\t\t<\/div>\n\t\t\t\t\t\t\t<\/div>\n\t\t<\/section>\n\t\t\t\t\t\t\t<\/div>\n\t\t","protected":false},"excerpt":{"rendered":"<p>Kontakt Javite nam se! Na\u0161 tim rado \u0107e odgovoriti na svaki va\u0161 upit. Adriateh d.o.o. Adriateh d.o.oZagreba\u010dka ul. 210431 Sveta Nedelja \u2013 Novaki info@stekerr.hr+ 385 1 333 5 120 Podaci o tvrtki ADRIATEH dru\u0161tvo s ograni\u010denom odgovorno\u0161\u0107u za zastupanje, trgovinu i usluge upisan u Trgova\u010dkom sudu u Zagrebu: Tt-15\/24008-4MBS: 080136018Temeljni kapital: \u20ac423.250,00 upla\u0107en u cijelosti.Predsjednik &hellip;<\/p>\n<p class=\"read-more\"> <a class=\"\" href=\"https:\/\/stekerr.com\/hr\/ele_custom_shapes\/at-shape\/\"> <span class=\"screen-reader-text\">AT Shape<\/span> Read More \u00bb<\/a><\/p>\n","protected":false},"author":1,"featured_media":0,"parent":0,"menu_order":0,"comment_status":"closed","ping_status":"closed","template":"elementor_header_footer","meta":{"content-type":"","_mi_skip_tracking":false,"site-sidebar-layout":"default","site-content-layout":"default","ast-global-header-display":"","ast-main-header-display":"","ast-hfb-above-header-display":"","ast-hfb-below-header-display":"","ast-hfb-mobile-header-display":"","site-post-title":"","ast-breadcrumbs-content":"","ast-featured-img":"","footer-sml-layout":"","theme-transparent-header-meta":"","adv-header-id-meta":"","stick-header-meta":"","header-above-stick-meta":"","header-main-stick-meta":"","header-below-stick-meta":"","_themeisle_gutenberg_block_has_review":false,"footnotes":""},"class_list":["post-4814","page","type-page","status-publish","hentry"],"yoast_head":"<!-- This site is optimized with the Yoast SEO Premium plugin v20.7 (Yoast SEO v20.7) - https:\/\/yoast.com\/wordpress\/plugins\/seo\/ -->\n<title>Kontakt - Stekerr.com<\/title>\n<meta name=\"robots\" content=\"index, follow, max-snippet:-1, max-image-preview:large, max-video-preview:-1\" \/>\n<link rel=\"canonical\" href=\"https:\/\/stekerr.com\/hr\/kontakt\/\" \/>\n<meta property=\"og:locale\" content=\"hr_HR\" \/>\n<meta property=\"og:type\" content=\"article\" \/>\n<meta property=\"og:title\" content=\"Kontakt\" \/>\n<meta property=\"og:description\" content=\"Kontakt Javite nam se! Na\u0161 tim rado \u0107e odgovoriti na svaki va\u0161 upit. Adriateh d.o.o. Adriateh d.o.oZagreba\u010dka ul. 210431 Sveta Nedelja \u2013 Novaki info@stekerr.hr+ 385 1 333 5 120 Podaci o tvrtki ADRIATEH dru\u0161tvo s ograni\u010denom odgovorno\u0161\u0107u za zastupanje, trgovinu i usluge upisan u Trgova\u010dkom sudu u Zagrebu: Tt-15\/24008-4MBS: 080136018Temeljni kapital: \u20ac423.250,00 upla\u0107en u cijelosti.Predsjednik &hellip; AT Shape Read More \u00bb\" \/>\n<meta property=\"og:url\" content=\"https:\/\/stekerr.com\/hr\/kontakt\/\" \/>\n<meta property=\"og:site_name\" content=\"Stekerr.com\" \/>\n<meta property=\"article:modified_time\" content=\"2024-11-28T14:09:55+00:00\" \/>\n<meta property=\"og:image\" content=\"https:\/\/stekerr.com\/wp-content\/uploads\/2022\/12\/shape-1024x89.webp\" \/>\n<meta name=\"twitter:card\" content=\"summary_large_image\" \/>\n<meta name=\"twitter:label1\" content=\"Procijenjeno vrijeme \u010ditanja\" \/>\n\t<meta name=\"twitter:data1\" content=\"1 minuta\" \/>\n<script type=\"application\/ld+json\" class=\"yoast-schema-graph\">{\"@context\":\"https:\/\/schema.org\",\"@graph\":[{\"@type\":\"WebPage\",\"@id\":\"https:\/\/stekerr.com\/hr\/kontakt\/\",\"url\":\"https:\/\/stekerr.com\/hr\/kontakt\/\",\"name\":\"Kontakt - Stekerr.com\",\"isPartOf\":{\"@id\":\"https:\/\/stekerr.com\/hr\/#website\"},\"datePublished\":\"2023-01-11T12:49:32+00:00\",\"dateModified\":\"2024-11-28T14:09:55+00:00\",\"breadcrumb\":{\"@id\":\"https:\/\/stekerr.com\/hr\/kontakt\/#breadcrumb\"},\"inLanguage\":\"hr\",\"potentialAction\":[{\"@type\":\"ReadAction\",\"target\":[\"https:\/\/stekerr.com\/hr\/kontakt\/\"]}]},{\"@type\":\"BreadcrumbList\",\"@id\":\"https:\/\/stekerr.com\/hr\/kontakt\/#breadcrumb\",\"itemListElement\":[{\"@type\":\"ListItem\",\"position\":1,\"name\":\"Po\u010detna stranica\",\"item\":\"https:\/\/stekerr.com\/hr\/\"},{\"@type\":\"ListItem\",\"position\":2,\"name\":\"Kontakt\"}]},{\"@type\":\"WebSite\",\"@id\":\"https:\/\/stekerr.com\/hr\/#website\",\"url\":\"https:\/\/stekerr.com\/hr\/\",\"name\":\"Stekerr.com\",\"description\":\"Stay ON!\",\"publisher\":{\"@id\":\"https:\/\/stekerr.com\/hr\/#organization\"},\"potentialAction\":[{\"@type\":\"SearchAction\",\"target\":{\"@type\":\"EntryPoint\",\"urlTemplate\":\"https:\/\/stekerr.com\/hr\/?s={search_term_string}\"},\"query-input\":\"required name=search_term_string\"}],\"inLanguage\":\"hr\"},{\"@type\":\"Organization\",\"@id\":\"https:\/\/stekerr.com\/hr\/#organization\",\"name\":\"Stekerr.com\",\"url\":\"https:\/\/stekerr.com\/hr\/\",\"logo\":{\"@type\":\"ImageObject\",\"inLanguage\":\"hr\",\"@id\":\"https:\/\/stekerr.com\/hr\/#\/schema\/logo\/image\/\",\"url\":\"https:\/\/stekerr.com\/wp-content\/uploads\/2022\/12\/Stekerr-logo.png\",\"contentUrl\":\"https:\/\/stekerr.com\/wp-content\/uploads\/2022\/12\/Stekerr-logo.png\",\"width\":918,\"height\":140,\"caption\":\"Stekerr.com\"},\"image\":{\"@id\":\"https:\/\/stekerr.com\/hr\/#\/schema\/logo\/image\/\"}}]}<\/script>\n<!-- \/ Yoast SEO Premium plugin. -->","yoast_head_json":{"title":"Kontakt - Stekerr.com","robots":{"index":"index","follow":"follow","max-snippet":"max-snippet:-1","max-image-preview":"max-image-preview:large","max-video-preview":"max-video-preview:-1"},"canonical":"https:\/\/stekerr.com\/hr\/kontakt\/","og_locale":"hr_HR","og_type":"article","og_title":"Kontakt","og_description":"Kontakt Javite nam se! Na\u0161 tim rado \u0107e odgovoriti na svaki va\u0161 upit. Adriateh d.o.o. Adriateh d.o.oZagreba\u010dka ul. 210431 Sveta Nedelja \u2013 Novaki info@stekerr.hr+ 385 1 333 5 120 Podaci o tvrtki ADRIATEH dru\u0161tvo s ograni\u010denom odgovorno\u0161\u0107u za zastupanje, trgovinu i usluge upisan u Trgova\u010dkom sudu u Zagrebu: Tt-15\/24008-4MBS: 080136018Temeljni kapital: \u20ac423.250,00 upla\u0107en u cijelosti.Predsjednik &hellip; AT Shape Read More \u00bb","og_url":"https:\/\/stekerr.com\/hr\/kontakt\/","og_site_name":"Stekerr.com","article_modified_time":"2024-11-28T14:09:55+00:00","og_image":[{"url":"https:\/\/stekerr.com\/wp-content\/uploads\/2022\/12\/shape-1024x89.webp"}],"twitter_card":"summary_large_image","twitter_misc":{"Procijenjeno vrijeme \u010ditanja":"1 minuta"},"schema":{"@context":"https:\/\/schema.org","@graph":[{"@type":"WebPage","@id":"https:\/\/stekerr.com\/hr\/kontakt\/","url":"https:\/\/stekerr.com\/hr\/kontakt\/","name":"Kontakt - Stekerr.com","isPartOf":{"@id":"https:\/\/stekerr.com\/hr\/#website"},"datePublished":"2023-01-11T12:49:32+00:00","dateModified":"2024-11-28T14:09:55+00:00","breadcrumb":{"@id":"https:\/\/stekerr.com\/hr\/kontakt\/#breadcrumb"},"inLanguage":"hr","potentialAction":[{"@type":"ReadAction","target":["https:\/\/stekerr.com\/hr\/kontakt\/"]}]},{"@type":"BreadcrumbList","@id":"https:\/\/stekerr.com\/hr\/kontakt\/#breadcrumb","itemListElement":[{"@type":"ListItem","position":1,"name":"Po\u010detna stranica","item":"https:\/\/stekerr.com\/hr\/"},{"@type":"ListItem","position":2,"name":"Kontakt"}]},{"@type":"WebSite","@id":"https:\/\/stekerr.com\/hr\/#website","url":"https:\/\/stekerr.com\/hr\/","name":"Stekerr.com","description":"Stay ON!","publisher":{"@id":"https:\/\/stekerr.com\/hr\/#organization"},"potentialAction":[{"@type":"SearchAction","target":{"@type":"EntryPoint","urlTemplate":"https:\/\/stekerr.com\/hr\/?s={search_term_string}"},"query-input":"required name=search_term_string"}],"inLanguage":"hr"},{"@type":"Organization","@id":"https:\/\/stekerr.com\/hr\/#organization","name":"Stekerr.com","url":"https:\/\/stekerr.com\/hr\/","logo":{"@type":"ImageObject","inLanguage":"hr","@id":"https:\/\/stekerr.com\/hr\/#\/schema\/logo\/image\/","url":"https:\/\/stekerr.com\/wp-content\/uploads\/2022\/12\/Stekerr-logo.png","contentUrl":"https:\/\/stekerr.com\/wp-content\/uploads\/2022\/12\/Stekerr-logo.png","width":918,"height":140,"caption":"Stekerr.com"},"image":{"@id":"https:\/\/stekerr.com\/hr\/#\/schema\/logo\/image\/"}}]}},"_links":{"self":[{"href":"https:\/\/stekerr.com\/hr\/wp-json\/wp\/v2\/pages\/4814","targetHints":{"allow":["GET"]}}],"collection":[{"href":"https:\/\/stekerr.com\/hr\/wp-json\/wp\/v2\/pages"}],"about":[{"href":"https:\/\/stekerr.com\/hr\/wp-json\/wp\/v2\/types\/page"}],"author":[{"embeddable":true,"href":"https:\/\/stekerr.com\/hr\/wp-json\/wp\/v2\/users\/1"}],"replies":[{"embeddable":true,"href":"https:\/\/stekerr.com\/hr\/wp-json\/wp\/v2\/comments?post=4814"}],"version-history":[{"count":154,"href":"https:\/\/stekerr.com\/hr\/wp-json\/wp\/v2\/pages\/4814\/revisions"}],"predecessor-version":[{"id":10881,"href":"https:\/\/stekerr.com\/hr\/wp-json\/wp\/v2\/pages\/4814\/revisions\/10881"}],"wp:attachment":[{"href":"https:\/\/stekerr.com\/hr\/wp-json\/wp\/v2\/media?parent=4814"}],"curies":[{"name":"wp","href":"https:\/\/api.w.org\/{rel}","templated":true}]}}