{"id":8002,"date":"2023-01-31T09:32:09","date_gmt":"2023-01-31T09:32:09","guid":{"rendered":"https:\/\/stekerr.com\/?page_id=8002"},"modified":"2023-01-31T09:37:05","modified_gmt":"2023-01-31T09:37:05","slug":"politika-kvalitete","status":"publish","type":"page","link":"https:\/\/stekerr.com\/hr\/politika-kvalitete\/","title":{"rendered":"Politika kvalitete"},"content":{"rendered":"\t\t<div data-elementor-type=\"wp-page\" data-elementor-id=\"8002\" class=\"elementor elementor-8002\">\n\t\t\t\t\t\t\t\t\t<section class=\"elementor-section elementor-top-section elementor-element elementor-element-0be1f30 elementor-section-stretched elementor-section-boxed elementor-section-height-default elementor-section-height-default\" data-id=\"0be1f30\" data-element_type=\"section\" data-settings=\"{&quot;stretch_section&quot;:&quot;section-stretched&quot;,&quot;background_background&quot;:&quot;classic&quot;}\">\n\t\t\t\t\t\t\t<div class=\"elementor-background-overlay\"><\/div>\n\t\t\t\t\t\t\t<div class=\"elementor-container elementor-column-gap-default\">\n\t\t\t\t\t<div class=\"elementor-column elementor-col-100 elementor-top-column elementor-element elementor-element-23ee258\" data-id=\"23ee258\" data-element_type=\"column\">\n\t\t\t<div class=\"elementor-widget-wrap elementor-element-populated\">\n\t\t\t\t\t\t\t\t<div class=\"elementor-element elementor-element-e170d89 elementor-widget elementor-widget-heading\" data-id=\"e170d89\" data-element_type=\"widget\" data-widget_type=\"heading.default\">\n\t\t\t\t<div class=\"elementor-widget-container\">\n\t\t\t<style>\/*! elementor - v3.13.1 - 09-05-2023 *\/\n.elementor-heading-title{padding:0;margin:0;line-height:1}.elementor-widget-heading .elementor-heading-title[class*=elementor-size-]>a{color:inherit;font-size:inherit;line-height:inherit}.elementor-widget-heading .elementor-heading-title.elementor-size-small{font-size:15px}.elementor-widget-heading .elementor-heading-title.elementor-size-medium{font-size:19px}.elementor-widget-heading .elementor-heading-title.elementor-size-large{font-size:29px}.elementor-widget-heading .elementor-heading-title.elementor-size-xl{font-size:39px}.elementor-widget-heading .elementor-heading-title.elementor-size-xxl{font-size:59px}<\/style><span class=\"elementor-heading-title elementor-size-default\"> ISO 9001:2015<\/span>\t\t<\/div>\n\t\t\t\t<\/div>\n\t\t\t\t<div class=\"elementor-element elementor-element-a084463 elementor-widget elementor-widget-heading\" data-id=\"a084463\" data-element_type=\"widget\" data-widget_type=\"heading.default\">\n\t\t\t\t<div class=\"elementor-widget-container\">\n\t\t\t<h2 class=\"elementor-heading-title elementor-size-default\">Politika kvalitete<\/h2>\t\t<\/div>\n\t\t\t\t<\/div>\n\t\t\t\t<div class=\"elementor-element elementor-element-94b5cc8 elementor-widget elementor-widget-text-editor\" data-id=\"94b5cc8\" data-element_type=\"widget\" data-widget_type=\"text-editor.default\">\n\t\t\t\t<div class=\"elementor-widget-container\">\n\t\t\t<style>\/*! elementor - v3.13.1 - 09-05-2023 *\/\n.elementor-widget-text-editor.elementor-drop-cap-view-stacked .elementor-drop-cap{background-color:#69727d;color:#fff}.elementor-widget-text-editor.elementor-drop-cap-view-framed .elementor-drop-cap{color:#69727d;border:3px solid;background-color:transparent}.elementor-widget-text-editor:not(.elementor-drop-cap-view-default) .elementor-drop-cap{margin-top:8px}.elementor-widget-text-editor:not(.elementor-drop-cap-view-default) .elementor-drop-cap-letter{width:1em;height:1em}.elementor-widget-text-editor .elementor-drop-cap{float:left;text-align:center;line-height:1;font-size:50px}.elementor-widget-text-editor .elementor-drop-cap-letter{display:inline-block}<\/style>\t\t\t\t<p>Odgovornost svih zaposlenih je prihva\u0107anje politike kvalitete kao trajnog na\u010dela u vlastitom djelovanju.<\/p>\t\t\t\t\t\t<\/div>\n\t\t\t\t<\/div>\n\t\t\t\t\t<\/div>\n\t\t<\/div>\n\t\t\t\t\t\t\t<\/div>\n\t\t<\/section>\n\t\t\t\t<section class=\"elementor-section elementor-top-section elementor-element elementor-element-873c672 elementor-section-full_width elementor-section-content-top elementor-section-stretched elementor-section-height-default elementor-section-height-default\" data-id=\"873c672\" data-element_type=\"section\" data-settings=\"{&quot;stretch_section&quot;:&quot;section-stretched&quot;}\">\n\t\t\t\t\t\t<div class=\"elementor-container elementor-column-gap-default\">\n\t\t\t\t\t<div class=\"elementor-column elementor-col-100 elementor-top-column elementor-element elementor-element-21b6236\" data-id=\"21b6236\" data-element_type=\"column\">\n\t\t\t<div class=\"elementor-widget-wrap elementor-element-populated\">\n\t\t\t\t\t\t\t\t<div class=\"elementor-element elementor-element-0e5149d elementor-widget elementor-widget-image\" data-id=\"0e5149d\" data-element_type=\"widget\" data-widget_type=\"image.default\">\n\t\t\t\t<div class=\"elementor-widget-container\">\n\t\t\t<style>\/*! elementor - v3.13.1 - 09-05-2023 *\/\n.elementor-widget-image{text-align:center}.elementor-widget-image a{display:inline-block}.elementor-widget-image a img[src$=\".svg\"]{width:48px}.elementor-widget-image img{vertical-align:middle;display:inline-block}<\/style>\t\t\t\t\t\t\t\t\t\t\t\t<img loading=\"lazy\" decoding=\"async\" width=\"1024\" height=\"89\" src=\"https:\/\/stekerr.com\/wp-content\/uploads\/2022\/12\/shape-1024x89.webp\" class=\"attachment-large size-large wp-image-711\" alt=\"\" srcset=\"https:\/\/stekerr.com\/wp-content\/uploads\/2022\/12\/shape-1024x89.webp 1024w, https:\/\/stekerr.com\/wp-content\/uploads\/2022\/12\/shape-300x26.webp 300w, https:\/\/stekerr.com\/wp-content\/uploads\/2022\/12\/shape-768x67.webp 768w, https:\/\/stekerr.com\/wp-content\/uploads\/2022\/12\/shape-1536x133.webp 1536w, https:\/\/stekerr.com\/wp-content\/uploads\/2022\/12\/shape-2048x178.webp 2048w\" sizes=\"auto, (max-width: 1024px) 100vw, 1024px\" \/>\t\t\t\t\t\t\t\t\t\t\t\t\t\t\t<\/div>\n\t\t\t\t<\/div>\n\t\t\t\t\t<\/div>\n\t\t<\/div>\n\t\t\t\t\t\t\t<\/div>\n\t\t<\/section>\n\t\t\t\t<section class=\"elementor-section elementor-top-section elementor-element elementor-element-d90fb3b elementor-section-boxed elementor-section-height-default elementor-section-height-default\" data-id=\"d90fb3b\" data-element_type=\"section\">\n\t\t\t\t\t\t<div class=\"elementor-container elementor-column-gap-default\">\n\t\t\t\t\t<div class=\"elementor-column elementor-col-25 elementor-top-column elementor-element elementor-element-06cd0ea\" data-id=\"06cd0ea\" data-element_type=\"column\">\n\t\t\t<div class=\"elementor-widget-wrap\">\n\t\t\t\t\t\t\t\t\t<\/div>\n\t\t<\/div>\n\t\t\t\t<div class=\"elementor-column elementor-col-50 elementor-top-column elementor-element elementor-element-af6f1a4\" data-id=\"af6f1a4\" data-element_type=\"column\">\n\t\t\t<div class=\"elementor-widget-wrap elementor-element-populated\">\n\t\t\t\t\t\t\t\t<div class=\"elementor-element elementor-element-c1dbf63 elementor-widget elementor-widget-text-editor\" data-id=\"c1dbf63\" data-element_type=\"widget\" data-widget_type=\"text-editor.default\">\n\t\t\t\t<div class=\"elementor-widget-container\">\n\t\t\t\t\t\t\t<p>Kvaliteta proizvoda i usluga koje nudimo predstavlja temeljnu vrijednost na kojoj gradimo svoju konkurentnost i trajno pobolj\u0161avanje u\u010dinkovitosti na\u0161eg poslovnog sustava.<\/p>\t\t\t\t\t\t<\/div>\n\t\t\t\t<\/div>\n\t\t\t\t<div class=\"elementor-element elementor-element-bcc6943 elementor-widget elementor-widget-text-editor\" data-id=\"bcc6943\" data-element_type=\"widget\" data-widget_type=\"text-editor.default\">\n\t\t\t\t<div class=\"elementor-widget-container\">\n\t\t\t\t\t\t\t<p>Kvaliteta proizvoda i usluga koje nudimo predstavlja temeljnu vrijednost na kojoj gradimo svoju konkurentnost i trajno pobolj\u0161avanje u\u010dinkovitosti na\u0161eg poslovnog sustava.<\/p><p>Kako bismo trajno odr\u017eavali zadovoljstvo na\u0161ih kupaca te privukli interes novih, obvezujemo se da \u0107emo:<\/p><ul><li>razviti, proizvoditi i nuditi tr\u017ei\u0161tu nova rje\u0161enja sustava za pranje vozila i punionica za elektri\u010dna vozila koje postavljaju nove standarde ostalim proizvo\u0111a\u010dima<\/li><li>tr\u017ei\u0161tu nuditi \u0161iroki asortiman kvalitetnih proizvoda renomiranih proizvo\u0111a\u010da koji zadovoljavaju sve tehni\u010dke i zakonske propise<\/li><li>savjetovati kupce u optimalnom izboru praonica, strojeva, opreme i autokozmetike za njihove potrebe i mogu\u0107nosti<\/li><li>izvoditi monta\u017ene i servisne radove te odr\u017eavanje opreme sukladno pravilima struke, smjernicama proizvo\u0111a\u010da opreme, pravodobno i pedantno osiguravati dovoljne zalihe robe da mo\u017eemo isporu\u010diti naru\u010deno unutar 24 sata bilo gdje u Hrvatskoj planirati i provoditi usavr\u0161avanje ljudskih potencijala na svim razinama organizacije, te ih prikladnim mjerama motivirati za kvalitetno obavljanje zadataka<\/li><li>razvijati i njegovati uzajamno korisne odnose s dobavlja\u010dima<\/li><li>neprekidno pobolj\u0161avati djelotvornost procesa i sustava upravljanja kvalitetom temeljeno na zahtjevima me\u0111unarodne norme\u00a0<strong>ISO 9001:2015<\/strong><\/li><li>postavljati ambiciozne, mjerljive i ostvarive ciljeve.<\/li><\/ul><p>Odgovornost svih zaposlenih je prihva\u0107anje politike kvalitete kao trajnog na\u010dela u vlastitom djelovanju.<\/p><p>\u00a0<\/p>\t\t\t\t\t\t<\/div>\n\t\t\t\t<\/div>\n\t\t\t\t<div class=\"elementor-element elementor-element-1c8b6ea elementor-widget elementor-widget-image\" data-id=\"1c8b6ea\" data-element_type=\"widget\" data-widget_type=\"image.default\">\n\t\t\t\t<div class=\"elementor-widget-container\">\n\t\t\t\t\t\t\t\t\t\t\t\t\t\t\t<img loading=\"lazy\" decoding=\"async\" width=\"300\" height=\"283\" src=\"https:\/\/stekerr.com\/wp-content\/uploads\/2023\/01\/ISO9001.png\" class=\"attachment-large size-large wp-image-8004\" alt=\"\" \/>\t\t\t\t\t\t\t\t\t\t\t\t\t\t\t<\/div>\n\t\t\t\t<\/div>\n\t\t\t\t\t<\/div>\n\t\t<\/div>\n\t\t\t\t<div class=\"elementor-column elementor-col-25 elementor-top-column elementor-element elementor-element-a603233\" data-id=\"a603233\" data-element_type=\"column\">\n\t\t\t<div class=\"elementor-widget-wrap\">\n\t\t\t\t\t\t\t\t\t<\/div>\n\t\t<\/div>\n\t\t\t\t\t\t\t<\/div>\n\t\t<\/section>\n\t\t\t\t\t\t\t<\/div>\n\t\t","protected":false},"excerpt":{"rendered":"<p>ISO 9001:2015 Politika kvalitete Odgovornost svih zaposlenih je prihva\u0107anje politike kvalitete kao trajnog na\u010dela u vlastitom djelovanju. Kvaliteta proizvoda i usluga koje nudimo predstavlja temeljnu vrijednost na kojoj gradimo svoju konkurentnost i trajno pobolj\u0161avanje u\u010dinkovitosti na\u0161eg poslovnog sustava. Kvaliteta proizvoda i usluga koje nudimo predstavlja temeljnu vrijednost na kojoj gradimo svoju konkurentnost i trajno pobolj\u0161avanje &hellip;<\/p>\n<p class=\"read-more\"> <a class=\"\" href=\"https:\/\/stekerr.com\/hr\/ele_custom_shapes\/at-shape\/\"> <span class=\"screen-reader-text\">AT Shape<\/span> Read More \u00bb<\/a><\/p>\n","protected":false},"author":1,"featured_media":0,"parent":0,"menu_order":0,"comment_status":"closed","ping_status":"closed","template":"elementor_header_footer","meta":{"_monsterinsights_skip_tracking":false,"_monsterinsights_sitenote_active":false,"_monsterinsights_sitenote_note":"","_monsterinsights_sitenote_category":0,"site-sidebar-layout":"default","site-content-layout":"default","ast-global-header-display":"","ast-main-header-display":"","ast-hfb-above-header-display":"","ast-hfb-below-header-display":"","ast-hfb-mobile-header-display":"","site-post-title":"","ast-breadcrumbs-content":"","ast-featured-img":"","footer-sml-layout":"","theme-transparent-header-meta":"","adv-header-id-meta":"","stick-header-meta":"","header-above-stick-meta":"","header-main-stick-meta":"","header-below-stick-meta":"","_themeisle_gutenberg_block_has_review":false,"footnotes":""},"class_list":["post-8002","page","type-page","status-publish","hentry"],"yoast_head":"<!-- This site is optimized with the Yoast SEO Premium plugin v20.7 (Yoast SEO v20.7) - https:\/\/yoast.com\/wordpress\/plugins\/seo\/ -->\n<title>Politika kvalitete - Stekerr.com<\/title>\n<meta name=\"robots\" content=\"index, follow, max-snippet:-1, max-image-preview:large, max-video-preview:-1\" \/>\n<link rel=\"canonical\" href=\"https:\/\/stekerr.com\/hr\/politika-kvalitete\/\" \/>\n<meta property=\"og:locale\" content=\"hr_HR\" \/>\n<meta property=\"og:type\" content=\"article\" \/>\n<meta property=\"og:title\" content=\"Politika kvalitete\" \/>\n<meta property=\"og:description\" content=\"ISO 9001:2015 Politika kvalitete Odgovornost svih zaposlenih je prihva\u0107anje politike kvalitete kao trajnog na\u010dela u vlastitom djelovanju. Kvaliteta proizvoda i usluga koje nudimo predstavlja temeljnu vrijednost na kojoj gradimo svoju konkurentnost i trajno pobolj\u0161avanje u\u010dinkovitosti na\u0161eg poslovnog sustava. Kvaliteta proizvoda i usluga koje nudimo predstavlja temeljnu vrijednost na kojoj gradimo svoju konkurentnost i trajno pobolj\u0161avanje &hellip; AT Shape Read More \u00bb\" \/>\n<meta property=\"og:url\" content=\"https:\/\/stekerr.com\/hr\/politika-kvalitete\/\" \/>\n<meta property=\"og:site_name\" content=\"Stekerr.com\" \/>\n<meta property=\"article:modified_time\" content=\"2023-01-31T09:37:05+00:00\" \/>\n<meta property=\"og:image\" content=\"https:\/\/stekerr.com\/wp-content\/uploads\/2022\/12\/shape-1024x89.webp\" \/>\n<meta name=\"twitter:card\" content=\"summary_large_image\" \/>\n<meta name=\"twitter:label1\" content=\"Procijenjeno vrijeme \u010ditanja\" \/>\n\t<meta name=\"twitter:data1\" content=\"1 minuta\" \/>\n<script type=\"application\/ld+json\" class=\"yoast-schema-graph\">{\"@context\":\"https:\/\/schema.org\",\"@graph\":[{\"@type\":\"WebPage\",\"@id\":\"https:\/\/stekerr.com\/hr\/politika-kvalitete\/\",\"url\":\"https:\/\/stekerr.com\/hr\/politika-kvalitete\/\",\"name\":\"Politika kvalitete - Stekerr.com\",\"isPartOf\":{\"@id\":\"https:\/\/stekerr.com\/hr\/#website\"},\"datePublished\":\"2023-01-31T09:32:09+00:00\",\"dateModified\":\"2023-01-31T09:37:05+00:00\",\"breadcrumb\":{\"@id\":\"https:\/\/stekerr.com\/hr\/politika-kvalitete\/#breadcrumb\"},\"inLanguage\":\"hr\",\"potentialAction\":[{\"@type\":\"ReadAction\",\"target\":[\"https:\/\/stekerr.com\/hr\/politika-kvalitete\/\"]}]},{\"@type\":\"BreadcrumbList\",\"@id\":\"https:\/\/stekerr.com\/hr\/politika-kvalitete\/#breadcrumb\",\"itemListElement\":[{\"@type\":\"ListItem\",\"position\":1,\"name\":\"Po\u010detna stranica\",\"item\":\"https:\/\/stekerr.com\/hr\/\"},{\"@type\":\"ListItem\",\"position\":2,\"name\":\"Politika kvalitete\"}]},{\"@type\":\"WebSite\",\"@id\":\"https:\/\/stekerr.com\/hr\/#website\",\"url\":\"https:\/\/stekerr.com\/hr\/\",\"name\":\"Stekerr.com\",\"description\":\"Stay ON!\",\"publisher\":{\"@id\":\"https:\/\/stekerr.com\/hr\/#organization\"},\"potentialAction\":[{\"@type\":\"SearchAction\",\"target\":{\"@type\":\"EntryPoint\",\"urlTemplate\":\"https:\/\/stekerr.com\/hr\/?s={search_term_string}\"},\"query-input\":\"required name=search_term_string\"}],\"inLanguage\":\"hr\"},{\"@type\":\"Organization\",\"@id\":\"https:\/\/stekerr.com\/hr\/#organization\",\"name\":\"Stekerr.com\",\"url\":\"https:\/\/stekerr.com\/hr\/\",\"logo\":{\"@type\":\"ImageObject\",\"inLanguage\":\"hr\",\"@id\":\"https:\/\/stekerr.com\/hr\/#\/schema\/logo\/image\/\",\"url\":\"https:\/\/stekerr.com\/wp-content\/uploads\/2022\/12\/Stekerr-logo.png\",\"contentUrl\":\"https:\/\/stekerr.com\/wp-content\/uploads\/2022\/12\/Stekerr-logo.png\",\"width\":918,\"height\":140,\"caption\":\"Stekerr.com\"},\"image\":{\"@id\":\"https:\/\/stekerr.com\/hr\/#\/schema\/logo\/image\/\"}}]}<\/script>\n<!-- \/ Yoast SEO Premium plugin. -->","yoast_head_json":{"title":"Politika kvalitete - Stekerr.com","robots":{"index":"index","follow":"follow","max-snippet":"max-snippet:-1","max-image-preview":"max-image-preview:large","max-video-preview":"max-video-preview:-1"},"canonical":"https:\/\/stekerr.com\/hr\/politika-kvalitete\/","og_locale":"hr_HR","og_type":"article","og_title":"Politika kvalitete","og_description":"ISO 9001:2015 Politika kvalitete Odgovornost svih zaposlenih je prihva\u0107anje politike kvalitete kao trajnog na\u010dela u vlastitom djelovanju. Kvaliteta proizvoda i usluga koje nudimo predstavlja temeljnu vrijednost na kojoj gradimo svoju konkurentnost i trajno pobolj\u0161avanje u\u010dinkovitosti na\u0161eg poslovnog sustava. Kvaliteta proizvoda i usluga koje nudimo predstavlja temeljnu vrijednost na kojoj gradimo svoju konkurentnost i trajno pobolj\u0161avanje &hellip; AT Shape Read More \u00bb","og_url":"https:\/\/stekerr.com\/hr\/politika-kvalitete\/","og_site_name":"Stekerr.com","article_modified_time":"2023-01-31T09:37:05+00:00","og_image":[{"url":"https:\/\/stekerr.com\/wp-content\/uploads\/2022\/12\/shape-1024x89.webp"}],"twitter_card":"summary_large_image","twitter_misc":{"Procijenjeno vrijeme \u010ditanja":"1 minuta"},"schema":{"@context":"https:\/\/schema.org","@graph":[{"@type":"WebPage","@id":"https:\/\/stekerr.com\/hr\/politika-kvalitete\/","url":"https:\/\/stekerr.com\/hr\/politika-kvalitete\/","name":"Politika kvalitete - Stekerr.com","isPartOf":{"@id":"https:\/\/stekerr.com\/hr\/#website"},"datePublished":"2023-01-31T09:32:09+00:00","dateModified":"2023-01-31T09:37:05+00:00","breadcrumb":{"@id":"https:\/\/stekerr.com\/hr\/politika-kvalitete\/#breadcrumb"},"inLanguage":"hr","potentialAction":[{"@type":"ReadAction","target":["https:\/\/stekerr.com\/hr\/politika-kvalitete\/"]}]},{"@type":"BreadcrumbList","@id":"https:\/\/stekerr.com\/hr\/politika-kvalitete\/#breadcrumb","itemListElement":[{"@type":"ListItem","position":1,"name":"Po\u010detna stranica","item":"https:\/\/stekerr.com\/hr\/"},{"@type":"ListItem","position":2,"name":"Politika kvalitete"}]},{"@type":"WebSite","@id":"https:\/\/stekerr.com\/hr\/#website","url":"https:\/\/stekerr.com\/hr\/","name":"Stekerr.com","description":"Stay ON!","publisher":{"@id":"https:\/\/stekerr.com\/hr\/#organization"},"potentialAction":[{"@type":"SearchAction","target":{"@type":"EntryPoint","urlTemplate":"https:\/\/stekerr.com\/hr\/?s={search_term_string}"},"query-input":"required name=search_term_string"}],"inLanguage":"hr"},{"@type":"Organization","@id":"https:\/\/stekerr.com\/hr\/#organization","name":"Stekerr.com","url":"https:\/\/stekerr.com\/hr\/","logo":{"@type":"ImageObject","inLanguage":"hr","@id":"https:\/\/stekerr.com\/hr\/#\/schema\/logo\/image\/","url":"https:\/\/stekerr.com\/wp-content\/uploads\/2022\/12\/Stekerr-logo.png","contentUrl":"https:\/\/stekerr.com\/wp-content\/uploads\/2022\/12\/Stekerr-logo.png","width":918,"height":140,"caption":"Stekerr.com"},"image":{"@id":"https:\/\/stekerr.com\/hr\/#\/schema\/logo\/image\/"}}]}},"_links":{"self":[{"href":"https:\/\/stekerr.com\/hr\/wp-json\/wp\/v2\/pages\/8002","targetHints":{"allow":["GET"]}}],"collection":[{"href":"https:\/\/stekerr.com\/hr\/wp-json\/wp\/v2\/pages"}],"about":[{"href":"https:\/\/stekerr.com\/hr\/wp-json\/wp\/v2\/types\/page"}],"author":[{"embeddable":true,"href":"https:\/\/stekerr.com\/hr\/wp-json\/wp\/v2\/users\/1"}],"replies":[{"embeddable":true,"href":"https:\/\/stekerr.com\/hr\/wp-json\/wp\/v2\/comments?post=8002"}],"version-history":[{"count":4,"href":"https:\/\/stekerr.com\/hr\/wp-json\/wp\/v2\/pages\/8002\/revisions"}],"predecessor-version":[{"id":8007,"href":"https:\/\/stekerr.com\/hr\/wp-json\/wp\/v2\/pages\/8002\/revisions\/8007"}],"wp:attachment":[{"href":"https:\/\/stekerr.com\/hr\/wp-json\/wp\/v2\/media?parent=8002"}],"curies":[{"name":"wp","href":"https:\/\/api.w.org\/{rel}","templated":true}]}}